{"id":989,"date":"2019-04-16T14:37:49","date_gmt":"2019-04-16T12:37:49","guid":{"rendered":"http:\/\/polskiekochmiel.pl\/?page_id=989"},"modified":"2020-12-10T12:02:13","modified_gmt":"2020-12-10T11:02:13","slug":"problem-i-rozwiazanie","status":"publish","type":"page","link":"http:\/\/polskiekochmiel.pl\/en\/problem-i-rozwiazanie\/","title":{"rendered":"Problem & Solution"},"content":{"rendered":"<div data-elementor-type=\"wp-post\" data-elementor-id=\"989\" class=\"elementor elementor-989\" data-elementor-settings=\"[]\">\n\t\t\t\t\t\t<div class=\"elementor-inner\">\n\t\t\t\t\t\t\t<div class=\"elementor-section-wrap\">\n\t\t\t\t\t\t\t<section class=\"elementor-section elementor-top-section elementor-element elementor-element-4f6c2d0 elementor-section-stretched elementor-section-full_width elementor-section-content-middle elementor-section-height-default elementor-section-height-default\" data-id=\"4f6c2d0\" data-element_type=\"section\" data-settings=\"{&quot;stretch_section&quot;:&quot;section-stretched&quot;,&quot;background_background&quot;:&quot;classic&quot;}\">\n\t\t\t\t\t\t<div class=\"elementor-container elementor-column-gap-no\">\n\t\t\t\t\t\t\t<div class=\"elementor-row\">\n\t\t\t\t\t<div class=\"elementor-column elementor-col-50 elementor-top-column elementor-element elementor-element-9156822\" data-id=\"9156822\" data-element_type=\"column\">\n\t\t\t<div class=\"elementor-column-wrap elementor-element-populated\">\n\t\t\t\t\t\t\t<div class=\"elementor-widget-wrap\">\n\t\t\t\t\t\t<div class=\"elementor-element elementor-element-1e31a13 elementor-widget elementor-widget-html\" data-id=\"1e31a13\" data-element_type=\"widget\" data-widget_type=\"html.default\">\n\t\t\t\t<div class=\"elementor-widget-container\">\n\t\t\t<div class=\"problems-csmt\">\r\n\t<p class=\" translation-block\">As a result of using creosote oil to impregnate the supporting structure of hops, it is common to contaminate hop plantations (soil and cones) with polycyclic aromatic hydrocarbons (PAHs). Since April 2018, creosote oil has been banned in the European Union for impregnating wood due to its highly carcinogenic effect.<\/p>\r\n\t<p class=\" translation-block\">Nearly 100% of hop plantations use wooden load-bearing structures impregnated with creosote oil. For decades, the soil where hops are grown has accumulated carcinogenic PAHs from this impregnation.<\/p>\r\n\t<p class=\" translation-block\">The entire hop industry will have to replace the wooden poles of the hop-bearing structure and remediate the soil to eliminate PAHs from the soil.<\/p>\r\n\t<p>Hops are primarily a food plant. The European Union tightens the safety standards for PAHs in relation to food products exposed to polycyclic aromatic hydrocarbons.<\/p>\r\n<\/div>\t\t<\/div>\n\t\t\t\t<\/div>\n\t\t\t\t\t\t<\/div>\n\t\t\t\t\t<\/div>\n\t\t<\/div>\n\t\t\t\t<div class=\"elementor-column elementor-col-50 elementor-top-column elementor-element elementor-element-5e46d25 rightimage-cstm backgroundcstm-1\" data-id=\"5e46d25\" data-element_type=\"column\" data-settings=\"{&quot;background_background&quot;:&quot;classic&quot;}\">\n\t\t\t<div class=\"elementor-column-wrap\">\n\t\t\t\t\t\t\t<div class=\"elementor-widget-wrap\">\n\t\t\t\t\t\t\t\t<\/div>\n\t\t\t\t\t<\/div>\n\t\t<\/div>\n\t\t\t\t\t\t\t\t<\/div>\n\t\t\t\t\t<\/div>\n\t\t<\/section>\n\t\t\t\t<section class=\"elementor-section elementor-top-section elementor-element elementor-element-87c8a4b elementor-section-stretched elementor-section-full_width elementor-section-content-middle elementor-section-height-default elementor-section-height-default\" data-id=\"87c8a4b\" data-element_type=\"section\" data-settings=\"{&quot;stretch_section&quot;:&quot;section-stretched&quot;,&quot;background_background&quot;:&quot;classic&quot;}\">\n\t\t\t\t\t\t<div class=\"elementor-container elementor-column-gap-no\">\n\t\t\t\t\t\t\t<div class=\"elementor-row\">\n\t\t\t\t\t<div class=\"elementor-column elementor-col-50 elementor-top-column elementor-element elementor-element-d97fbee rightimage-cstm backgroundcstm-2\" data-id=\"d97fbee\" data-element_type=\"column\">\n\t\t\t<div class=\"elementor-column-wrap\">\n\t\t\t\t\t\t\t<div class=\"elementor-widget-wrap\">\n\t\t\t\t\t\t\t\t<\/div>\n\t\t\t\t\t<\/div>\n\t\t<\/div>\n\t\t\t\t<div class=\"elementor-column elementor-col-50 elementor-top-column elementor-element elementor-element-6e3c291\" data-id=\"6e3c291\" data-element_type=\"column\" data-settings=\"{&quot;background_background&quot;:&quot;classic&quot;}\">\n\t\t\t<div class=\"elementor-column-wrap elementor-element-populated\">\n\t\t\t\t\t\t\t<div class=\"elementor-widget-wrap\">\n\t\t\t\t\t\t<div class=\"elementor-element elementor-element-3ab3fac elementor-widget elementor-widget-html\" data-id=\"3ab3fac\" data-element_type=\"widget\" data-widget_type=\"html.default\">\n\t\t\t\t<div class=\"elementor-widget-container\">\n\t\t\t<div class=\"problems-csmt\">\r\n\t<p><b>Polski Eko Chmiel S.A.<\/b> - as the only one in the world - it is a supplier of a comprehensive system of technologically advanced composite supporting structures of hops with a unique technology of monitoring and increasing the efficiency of hop cultivation in an environment free of creosote and carcinogenic PAHs.<\/p>\r\n\t<p class=\" translation-block\">We will also offer biological remediation of land where hops are grown, restoring the soil condition to the recommended standards.<\/p>\r\n\t<p class=\" translation-block\">We also grow hops on plantations not contaminated with PAHs as part of integrated production, and in the next stage, EKO, on an environmentally neutral composite supporting structure of hops. As a result, we become a unique producer of high-quality hops free from PAHs and pesticides. Our strategy also includes the cultivation of the most desirable hop varieties in craft and home brewing, which are currently lacking on the market.<\/p>\r\n\t<p><b>We run a socially responsible business<\/b>.<\/p>\r\n<\/div>\t\t<\/div>\n\t\t\t\t<\/div>\n\t\t\t\t<div class=\"elementor-element elementor-element-6b15bdd elementor-widget elementor-widget-image\" data-id=\"6b15bdd\" data-element_type=\"widget\" data-widget_type=\"image.default\">\n\t\t\t\t<div class=\"elementor-widget-container\">\n\t\t\t\t\t<div class=\"elementor-image\">\n\t\t\t\t\t\t\t\t\t\t\t<a href=\"http:\/\/polskiekochmiel.pl\/en\/certyfikat-global-gab-przyznany-pilotazowej-plantacji-eko-chmielu-w-jastkowie\/\">\n\t\t\t\t\t\t\t<img width=\"232\" height=\"300\" src=\"http:\/\/polskiekochmiel.pl\/wp-content\/uploads\/2020\/12\/global-gap-1-232x300.jpg\" class=\"attachment-medium size-medium\" alt=\"\" loading=\"lazy\" srcset=\"http:\/\/polskiekochmiel.pl\/wp-content\/uploads\/2020\/12\/global-gap-1-232x300.jpg 232w, http:\/\/polskiekochmiel.pl\/wp-content\/uploads\/2020\/12\/global-gap-1-768x993.jpg 768w, http:\/\/polskiekochmiel.pl\/wp-content\/uploads\/2020\/12\/global-gap-1-792x1024.jpg 792w, http:\/\/polskiekochmiel.pl\/wp-content\/uploads\/2020\/12\/global-gap-1-600x776.jpg 600w, http:\/\/polskiekochmiel.pl\/wp-content\/uploads\/2020\/12\/global-gap-1.jpg 1259w\" sizes=\"(max-width: 232px) 100vw, 232px\" \/>\t\t\t\t\t\t\t\t<\/a>\n\t\t\t\t\t\t\t\t\t\t\t<\/div>\n\t\t\t\t<\/div>\n\t\t\t\t<\/div>\n\t\t\t\t\t\t<\/div>\n\t\t\t\t\t<\/div>\n\t\t<\/div>\n\t\t\t\t\t\t\t\t<\/div>\n\t\t\t\t\t<\/div>\n\t\t<\/section>\n\t\t\t\t<section class=\"elementor-section elementor-top-section elementor-element elementor-element-1fa4eb6d elementor-section-content-middle elementor-section-boxed elementor-section-height-default elementor-section-height-default\" data-id=\"1fa4eb6d\" data-element_type=\"section\" data-settings=\"{&quot;background_background&quot;:&quot;classic&quot;}\">\n\t\t\t\t\t\t<div class=\"elementor-container elementor-column-gap-no\">\n\t\t\t\t\t\t\t<div class=\"elementor-row\">\n\t\t\t\t\t<div class=\"elementor-column elementor-col-100 elementor-top-column elementor-element elementor-element-6054b336\" data-id=\"6054b336\" data-element_type=\"column\">\n\t\t\t<div class=\"elementor-column-wrap elementor-element-populated\">\n\t\t\t\t\t\t\t<div class=\"elementor-widget-wrap\">\n\t\t\t\t\t\t<div class=\"elementor-element elementor-element-71082338 elementor-widget elementor-widget-html\" data-id=\"71082338\" data-element_type=\"widget\" data-widget_type=\"html.default\">\n\t\t\t\t<div class=\"elementor-widget-container\">\n\t\t\t<div class=\"celecta-cstm\">\r\n\t<h2>HAVE QUESTIONS?<\/h2>\r\n\t<p>Be sure to use our contact form<\/p>\r\n<\/div>\t\t<\/div>\n\t\t\t\t<\/div>\n\t\t\t\t<div class=\"elementor-element elementor-element-63a30d72 elementor-align-center elementor-widget elementor-widget-button\" data-id=\"63a30d72\" data-element_type=\"widget\" data-widget_type=\"button.default\">\n\t\t\t\t<div class=\"elementor-widget-container\">\n\t\t\t\t\t<div class=\"elementor-button-wrapper\">\n\t\t\t<a href=\"http:\/\/polskiekochmiel.pl\/en\/kontakt\/\" class=\"elementor-button-link elementor-button elementor-size-sm elementor-animation-grow\" role=\"button\">\n\t\t\t\t\t\t<span class=\"elementor-button-content-wrapper\">\n\t\t\t\t\t\t<span class=\"elementor-button-text\">CONTACT US<\/span>\n\t\t<\/span>\n\t\t\t\t\t<\/a>\n\t\t<\/div>\n\t\t\t\t<\/div>\n\t\t\t\t<\/div>\n\t\t\t\t\t\t<\/div>\n\t\t\t\t\t<\/div>\n\t\t<\/div>\n\t\t\t\t\t\t\t\t<\/div>\n\t\t\t\t\t<\/div>\n\t\t<\/section>\n\t\t\t\t\t\t<\/div>\n\t\t\t\t\t\t<\/div>\n\t\t\t\t\t<\/div>","protected":false},"excerpt":{"rendered":"<p>W wyniku stosowania oleju kreozotowego do impregnacji konstrukcji no\u015bnej chmielnik\u00f3w powszechne jest ska\u017cenie plantacji chmielu (gleby oraz szyszek) wielopier\u015bcieniowymi w\u0119glowodorami aromatycznymi (WWA). Od kwietnia 2018 roku, olej kreozotowy zakazany jest w Unii Europejskiej do impregnacji drewna z powodu silnie rakotw\u00f3rczego dzia\u0142ania. Blisko 100% plantacji chmielu wykorzystuje drewniane konstrukcje no\u015bne impregnowane olejem kreozotowym. Od dziesi\u0105tek lat [&hellip;]<\/p>","protected":false},"author":1,"featured_media":0,"parent":0,"menu_order":0,"comment_status":"closed","ping_status":"closed","template":"page-templates\/fullwidth-content.php","meta":[],"_links":{"self":[{"href":"http:\/\/polskiekochmiel.pl\/en\/wp-json\/wp\/v2\/pages\/989"}],"collection":[{"href":"http:\/\/polskiekochmiel.pl\/en\/wp-json\/wp\/v2\/pages"}],"about":[{"href":"http:\/\/polskiekochmiel.pl\/en\/wp-json\/wp\/v2\/types\/page"}],"author":[{"embeddable":true,"href":"http:\/\/polskiekochmiel.pl\/en\/wp-json\/wp\/v2\/users\/1"}],"replies":[{"embeddable":true,"href":"http:\/\/polskiekochmiel.pl\/en\/wp-json\/wp\/v2\/comments?post=989"}],"version-history":[{"count":23,"href":"http:\/\/polskiekochmiel.pl\/en\/wp-json\/wp\/v2\/pages\/989\/revisions"}],"predecessor-version":[{"id":1583,"href":"http:\/\/polskiekochmiel.pl\/en\/wp-json\/wp\/v2\/pages\/989\/revisions\/1583"}],"wp:attachment":[{"href":"http:\/\/polskiekochmiel.pl\/en\/wp-json\/wp\/v2\/media?parent=989"}],"curies":[{"name":"wp","href":"https:\/\/api.w.org\/{rel}","templated":true}]}}