{"id":21,"date":"2018-09-17T08:41:56","date_gmt":"2018-09-17T06:41:56","guid":{"rendered":"http:\/\/ld-wp.template-help.com\/wordpress_prod-20924\/v1\/?page_id=21"},"modified":"2026-02-19T01:13:22","modified_gmt":"2026-02-19T00:13:22","slug":"kontakt","status":"publish","type":"page","link":"http:\/\/polskiekochmiel.pl\/de\/kontakt\/","title":{"rendered":"Kontakt"},"content":{"rendered":"<div data-elementor-type=\"wp-post\" data-elementor-id=\"21\" class=\"elementor elementor-21\" data-elementor-settings=\"[]\">\n\t\t\t\t\t\t<div class=\"elementor-inner\">\n\t\t\t\t\t\t\t<div class=\"elementor-section-wrap\">\n\t\t\t\t\t\t\t<section class=\"elementor-section elementor-top-section elementor-element elementor-element-258ba033 elementor-section-boxed elementor-section-height-default elementor-section-height-default\" data-id=\"258ba033\" data-element_type=\"section\">\n\t\t\t\t\t\t<div class=\"elementor-container elementor-column-gap-default\">\n\t\t\t\t\t\t\t<div class=\"elementor-row\">\n\t\t\t\t\t<div class=\"elementor-column elementor-col-100 elementor-top-column elementor-element elementor-element-69133121\" data-id=\"69133121\" data-element_type=\"column\">\n\t\t\t<div class=\"elementor-column-wrap elementor-element-populated\">\n\t\t\t\t\t\t\t<div class=\"elementor-widget-wrap\">\n\t\t\t\t\t\t<div class=\"elementor-element elementor-element-c729f22 contactitle-mobile elementor-widget elementor-widget-heading\" data-id=\"c729f22\" data-element_type=\"widget\" data-widget_type=\"heading.default\">\n\t\t\t\t<div class=\"elementor-widget-container\">\n\t\t\t<h3 class=\"elementor-heading-title elementor-size-default\">Kontakt Formular<\/h3>\t\t<\/div>\n\t\t\t\t<\/div>\n\t\t\t\t<div class=\"elementor-element elementor-element-23df718c contactitle-mobile-01 elementor-widget elementor-widget-text-editor\" data-id=\"23df718c\" data-element_type=\"widget\" data-widget_type=\"text-editor.default\">\n\t\t\t\t<div class=\"elementor-widget-container\">\n\t\t\t\t\t<div class=\"elementor-text-editor elementor-clearfix\"><p>Haben Sie Fragen? Kontaktieren Sie uns.<\/p><\/div>\n\t\t\t\t<\/div>\n\t\t\t\t<\/div>\n\t\t\t\t\t\t<\/div>\n\t\t\t\t\t<\/div>\n\t\t<\/div>\n\t\t\t\t\t\t\t\t<\/div>\n\t\t\t\t\t<\/div>\n\t\t<\/section>\n\t\t\t\t<section class=\"elementor-section elementor-top-section elementor-element elementor-element-1b3bbfec elementor-section-boxed elementor-section-height-default elementor-section-height-default\" data-id=\"1b3bbfec\" data-element_type=\"section\">\n\t\t\t\t\t\t<div class=\"elementor-container elementor-column-gap-default\">\n\t\t\t\t\t\t\t<div class=\"elementor-row\">\n\t\t\t\t\t<div class=\"elementor-column elementor-col-100 elementor-top-column elementor-element elementor-element-20e6f2d5\" data-id=\"20e6f2d5\" data-element_type=\"column\">\n\t\t\t<div class=\"elementor-column-wrap elementor-element-populated\">\n\t\t\t\t\t\t\t<div class=\"elementor-widget-wrap\">\n\t\t\t\t\t\t<div class=\"elementor-element elementor-element-999e568 elementor-widget elementor-widget-shortcode\" data-id=\"999e568\" data-element_type=\"widget\" data-widget_type=\"shortcode.default\">\n\t\t\t\t<div class=\"elementor-widget-container\">\n\t\t\t\t\t<div class=\"elementor-shortcode\"><div role=\"form\" class=\"wpcf7\" id=\"wpcf7-f550-o1\" lang=\"en-US\" dir=\"ltr\">\n<div class=\"screen-reader-response\"><p role=\"status\" aria-live=\"polite\" aria-atomic=\"true\"><\/p> <ul><\/ul><\/div>\n<form action=\"\/de\/wp-json\/wp\/v2\/pages\/21#wpcf7-f550-o1\" method=\"post\" class=\"wpcf7-form init\" novalidate=\"novalidate\" data-status=\"init\" data-trp-original-action=\"\/de\/wp-json\/wp\/v2\/pages\/21#wpcf7-f550-o1\">\n<div style=\"display: none;\">\n<input type=\"hidden\" name=\"_wpcf7\" value=\"550\" \/>\n<input type=\"hidden\" name=\"_wpcf7_version\" value=\"5.4\" \/>\n<input type=\"hidden\" name=\"_wpcf7_locale\" value=\"en_US\" \/>\n<input type=\"hidden\" name=\"_wpcf7_unit_tag\" value=\"wpcf7-f550-o1\" \/>\n<input type=\"hidden\" name=\"_wpcf7_container_post\" value=\"0\" \/>\n<input type=\"hidden\" name=\"_wpcf7_posted_data_hash\" value=\"\" \/>\n<input type=\"hidden\" name=\"_wpcf7_recaptcha_response\" value=\"\" \/>\n<\/div>\n<div class=\"row\">\n<div class=\"col-sm-6 col-xs-12 col-12\">\n        <span class=\"wpcf7-form-control-wrap your-name\"><input type=\"text\" name=\"your-name\" value=\"\" size=\"40\" class=\"wpcf7-form-control wpcf7-text wpcf7-validates-as-required\" aria-required=\"true\" aria-invalid=\"false\" placeholder=\"Vorname und Nachname\" \/><\/span><br \/>\n        <span class=\"wpcf7-form-control-wrap your-subject\"><input type=\"text\" name=\"your-subject\" value=\"\" size=\"40\" class=\"wpcf7-form-control wpcf7-text\" aria-invalid=\"false\" placeholder=\"Thema\" \/><\/span><br \/>\n        <span class=\"wpcf7-form-control-wrap your-email\"><input type=\"email\" name=\"your-email\" value=\"\" size=\"40\" class=\"wpcf7-form-control wpcf7-text wpcf7-email wpcf7-validates-as-required wpcf7-validates-as-email\" aria-required=\"true\" aria-invalid=\"false\" placeholder=\"E-mail\" \/><\/span>\n    <\/div>\n<div class=\"col-sm-6 col-xs-12 col-12\">\n        <span class=\"wpcf7-form-control-wrap your-message\"><textarea name=\"your-message\" cols=\"40\" rows=\"10\" class=\"wpcf7-form-control wpcf7-textarea\" aria-invalid=\"false\" placeholder=\"die Information\"><\/textarea><\/span>\n    <\/div>\n<\/div>\n<div class=\"akcept-rodo\"><span class=\"wpcf7-form-control-wrap acceptance-196\"><span class=\"wpcf7-form-control wpcf7-acceptance\"><span class=\"wpcf7-list-item\"><label><input type=\"checkbox\" name=\"acceptance-196\" value=\"1\" aria-invalid=\"false\" \/><span class=\"wpcf7-list-item-label\">F\u00fcr die Verarbeitung personenbezogen Daten ist das Unternehmen Polski Eko Chmiel S.A. mit sitz in Lublin, ul. Tomasza Zana 11A, 20-601 Lublin verantwortlich.  Die in das Kontaktformular eingegebenen Daten werden zum Zweck der Bearbeitung Ihres Anliegens und zur Kontaktaufnahme verarbeitet. Mit dem Absenden einer Nachricht erkl\u00e4ren Sie sich mit der Verarbeitung Ihrer personenbezogenen Daten gem\u00e4\u00df <a href=\"http:\/\/polskiekochmiel.pl\/de\/polityka-prywatnosci\/\">DGSVO einverstanden<\/a>.<\/span><\/label><\/span><\/span><\/span><\/BR><\/BR><\/div>\n<div class=\"cf7-btn-position\">\n    <input type=\"submit\" value=\"Wy\u015blij\" class=\"wpcf7-form-control wpcf7-submit\" \/>\n<\/div>\n<div class=\"wpcf7-response-output\" aria-hidden=\"true\"><\/div><input type=\"hidden\" name=\"trp-form-language\" value=\"de\"\/><\/form><\/div><\/div>\n\t\t\t\t<\/div>\n\t\t\t\t<\/div>\n\t\t\t\t<div class=\"elementor-element elementor-element-9d8fd77 elementor-widget elementor-widget-image\" data-id=\"9d8fd77\" data-element_type=\"widget\" data-widget_type=\"image.default\">\n\t\t\t\t<div class=\"elementor-widget-container\">\n\t\t\t\t\t<div class=\"elementor-image\">\n\t\t\t\t\t\t\t\t\t\t\t<a href=\"http:\/\/polskiekochmiel.pl\/de\/certyfikat-global-gab-przyznany-pilotazowej-plantacji-eko-chmielu-w-jastkowie\/\">\n\t\t\t\t\t\t\t<img width=\"232\" height=\"300\" src=\"http:\/\/polskiekochmiel.pl\/wp-content\/uploads\/2020\/12\/global-gap-1-232x300.jpg\" class=\"attachment-medium size-medium\" alt=\"\" loading=\"lazy\" srcset=\"http:\/\/polskiekochmiel.pl\/wp-content\/uploads\/2020\/12\/global-gap-1-232x300.jpg 232w, http:\/\/polskiekochmiel.pl\/wp-content\/uploads\/2020\/12\/global-gap-1-768x993.jpg 768w, http:\/\/polskiekochmiel.pl\/wp-content\/uploads\/2020\/12\/global-gap-1-792x1024.jpg 792w, http:\/\/polskiekochmiel.pl\/wp-content\/uploads\/2020\/12\/global-gap-1-600x776.jpg 600w, http:\/\/polskiekochmiel.pl\/wp-content\/uploads\/2020\/12\/global-gap-1.jpg 1259w\" sizes=\"(max-width: 232px) 100vw, 232px\" \/>\t\t\t\t\t\t\t\t<\/a>\n\t\t\t\t\t\t\t\t\t\t\t<\/div>\n\t\t\t\t<\/div>\n\t\t\t\t<\/div>\n\t\t\t\t\t\t<\/div>\n\t\t\t\t\t<\/div>\n\t\t<\/div>\n\t\t\t\t\t\t\t\t<\/div>\n\t\t\t\t\t<\/div>\n\t\t<\/section>\n\t\t\t\t<section class=\"elementor-section elementor-top-section elementor-element elementor-element-3da6983 elementor-section-stretched elementor-section-full_width elementor-section-height-default elementor-section-height-default\" data-id=\"3da6983\" data-element_type=\"section\" data-settings=\"{&quot;stretch_section&quot;:&quot;section-stretched&quot;}\">\n\t\t\t\t\t\t<div class=\"elementor-container elementor-column-gap-no\">\n\t\t\t\t\t\t\t<div class=\"elementor-row\">\n\t\t\t\t\t<div class=\"elementor-column elementor-col-100 elementor-top-column elementor-element elementor-element-db09a7e\" data-id=\"db09a7e\" data-element_type=\"column\">\n\t\t\t<div class=\"elementor-column-wrap\">\n\t\t\t\t\t\t\t<div class=\"elementor-widget-wrap\">\n\t\t\t\t\t\t\t\t<\/div>\n\t\t\t\t\t<\/div>\n\t\t<\/div>\n\t\t\t\t\t\t\t\t<\/div>\n\t\t\t\t\t<\/div>\n\t\t<\/section>\n\t\t\t\t<section class=\"elementor-section elementor-top-section elementor-element elementor-element-f0725ee elementor-section-boxed elementor-section-height-default elementor-section-height-default\" data-id=\"f0725ee\" data-element_type=\"section\">\n\t\t\t\t\t\t<div class=\"elementor-container elementor-column-gap-default\">\n\t\t\t\t\t\t\t<div class=\"elementor-row\">\n\t\t\t\t\t<div class=\"elementor-column elementor-col-50 elementor-top-column elementor-element elementor-element-c1a2333\" data-id=\"c1a2333\" data-element_type=\"column\">\n\t\t\t<div class=\"elementor-column-wrap elementor-element-populated\">\n\t\t\t\t\t\t\t<div class=\"elementor-widget-wrap\">\n\t\t\t\t\t\t<div class=\"elementor-element elementor-element-7557117 elementor-widget elementor-widget-html\" data-id=\"7557117\" data-element_type=\"widget\" data-widget_type=\"html.default\">\n\t\t\t\t<div class=\"elementor-widget-container\">\n\t\t\t<div class=\"mapablock\"><iframe loading=\"lazy\" src=\"https:\/\/www.google.com\/maps\/embed?pb=!1m18!1m12!1m3!1d2497.710493695921!2d22.51207801576024!3d51.242826479592516!2m3!1f0!2f0!3f0!3m2!1i1024!2i768!4f13.1!3m3!1m2!1s0x472259ce7641e741%3A0x98dac597d63ca720!2sTomasza+Zana+11a%2C+20-400+Lublin!5e0!3m2!1spl!2spl!4v1556113077278!5m2!1spl!2spl\" width=\"100%\" height=\"500\" frameborder=\"0\" style=\"border:0\" allowfullscreen><\/iframe><\/div>\t\t<\/div>\n\t\t\t\t<\/div>\n\t\t\t\t\t\t<\/div>\n\t\t\t\t\t<\/div>\n\t\t<\/div>\n\t\t\t\t<div class=\"elementor-column elementor-col-50 elementor-top-column elementor-element elementor-element-1abe426\" data-id=\"1abe426\" data-element_type=\"column\">\n\t\t\t<div class=\"elementor-column-wrap elementor-element-populated\">\n\t\t\t\t\t\t\t<div class=\"elementor-widget-wrap\">\n\t\t\t\t\t\t<div class=\"elementor-element elementor-element-86c77e4 elementor-widget elementor-widget-html\" data-id=\"86c77e4\" data-element_type=\"widget\" data-widget_type=\"html.default\">\n\t\t\t\t<div class=\"elementor-widget-container\">\n\t\t\t<div style=\"font-family:inherit;\">\r\n\r\n  <div style=\"font-size:24px;font-weight:700;margin-bottom:14px;color:#1a1a1a;\">\r\n    Kontakt\r\n  <\/div>\r\n\r\n  <div style=\"font-size:20px;font-weight:600;margin-bottom:10px;\">\r\n    <span style=\"color:#7AC943;font-size:22px;margin-right:8px;\">\ud83d\udcde<\/span>\r\n    <a href=\"tel:+48324530316\" style=\"color:#000000;text-decoration:none;\">\r\n      +48 32 453 03 16\r\n    <\/a>\r\n  <\/div>\r\n\r\n  <div style=\"font-size:20px;font-weight:600;\">\r\n    <span style=\"color:#7AC943;font-size:22px;margin-right:8px;\">\ud83d\udcf1<\/span>\r\n    <a href=\"tel:+48605417789\" style=\"color:#000000;text-decoration:none;\">\r\n      +48 605 417 789\r\n    <\/a>\r\n  <\/div>\r\n\r\n<\/div>\r\n\t\t<\/div>\n\t\t\t\t<\/div>\n\t\t\t\t\t\t<\/div>\n\t\t\t\t\t<\/div>\n\t\t<\/div>\n\t\t\t\t\t\t\t\t<\/div>\n\t\t\t\t\t<\/div>\n\t\t<\/section>\n\t\t\t\t\t\t<\/div>\n\t\t\t\t\t\t<\/div>\n\t\t\t\t\t<\/div>","protected":false},"excerpt":{"rendered":"<p>Formularz kontaktowy Masz pytania? Skontaktuj si\u0119 z nami. Kontakt \ud83d\udcde +48 32 453 03 16 \ud83d\udcf1 +48 605 417 789<\/p>","protected":false},"author":1,"featured_media":0,"parent":0,"menu_order":0,"comment_status":"closed","ping_status":"closed","template":"page-templates\/fullwidth-content.php","meta":[],"_links":{"self":[{"href":"http:\/\/polskiekochmiel.pl\/de\/wp-json\/wp\/v2\/pages\/21"}],"collection":[{"href":"http:\/\/polskiekochmiel.pl\/de\/wp-json\/wp\/v2\/pages"}],"about":[{"href":"http:\/\/polskiekochmiel.pl\/de\/wp-json\/wp\/v2\/types\/page"}],"author":[{"embeddable":true,"href":"http:\/\/polskiekochmiel.pl\/de\/wp-json\/wp\/v2\/users\/1"}],"replies":[{"embeddable":true,"href":"http:\/\/polskiekochmiel.pl\/de\/wp-json\/wp\/v2\/comments?post=21"}],"version-history":[{"count":35,"href":"http:\/\/polskiekochmiel.pl\/de\/wp-json\/wp\/v2\/pages\/21\/revisions"}],"predecessor-version":[{"id":2341,"href":"http:\/\/polskiekochmiel.pl\/de\/wp-json\/wp\/v2\/pages\/21\/revisions\/2341"}],"wp:attachment":[{"href":"http:\/\/polskiekochmiel.pl\/de\/wp-json\/wp\/v2\/media?parent=21"}],"curies":[{"name":"wp","href":"https:\/\/api.w.org\/{rel}","templated":true}]}}