{"id":11,"date":"2018-09-17T08:39:10","date_gmt":"2018-09-17T06:39:10","guid":{"rendered":"http:\/\/ld-wp.template-help.com\/wordpress_prod-20924\/v1\/?page_id=11"},"modified":"2021-03-17T18:21:28","modified_gmt":"2021-03-17T17:21:28","slug":"o-spolce","status":"publish","type":"page","link":"http:\/\/polskiekochmiel.pl\/de\/o-spolce\/","title":{"rendered":"\u00dcber uns"},"content":{"rendered":"<div data-elementor-type=\"wp-post\" data-elementor-id=\"11\" class=\"elementor elementor-11\" data-elementor-settings=\"[]\">\n\t\t\t\t\t\t<div class=\"elementor-inner\">\n\t\t\t\t\t\t\t<div class=\"elementor-section-wrap\">\n\t\t\t\t\t\t\t<section class=\"elementor-section elementor-top-section elementor-element elementor-element-45d1d5a elementor-section-boxed elementor-section-height-default elementor-section-height-default\" data-id=\"45d1d5a\" data-element_type=\"section\" data-settings=\"{&quot;background_background&quot;:&quot;classic&quot;}\">\n\t\t\t\t\t\t<div class=\"elementor-container elementor-column-gap-default\">\n\t\t\t\t\t\t\t<div class=\"elementor-row\">\n\t\t\t\t\t<div class=\"elementor-column elementor-col-100 elementor-top-column elementor-element elementor-element-71f20c9\" data-id=\"71f20c9\" data-element_type=\"column\">\n\t\t\t<div class=\"elementor-column-wrap elementor-element-populated\">\n\t\t\t\t\t\t\t<div class=\"elementor-widget-wrap\">\n\t\t\t\t\t\t<div class=\"elementor-element elementor-element-a015bb0 about-title elementor-widget elementor-widget-heading\" data-id=\"a015bb0\" data-element_type=\"widget\" data-widget_type=\"heading.default\">\n\t\t\t\t<div class=\"elementor-widget-container\">\n\t\t\t<h1 class=\"elementor-heading-title elementor-size-default\">\u00dcBER UNS<br><\/h1>\t\t<\/div>\n\t\t\t\t<\/div>\n\t\t\t\t<div class=\"elementor-element elementor-element-aee7576 about-title elementor-widget elementor-widget-heading\" data-id=\"aee7576\" data-element_type=\"widget\" data-widget_type=\"heading.default\">\n\t\t\t\t<div class=\"elementor-widget-container\">\n\t\t\t<p class=\"elementor-heading-title elementor-size-small\">Die Aktiengesellschaft Polski Eko Chmiel wurde gegr\u00fcndet, um Hopfen ohne Schadstoffen, die aus Kreosot stammen, herzustellen und neue Technologien f\u00fcr den Anbau und die Herstellung von Hopfen zu implementieren und zu entwickeln. \nWir haben eine klare Vision des polnischen Hopfenanbaus, der sozial verantwortlich ist, und wir wissen, wie sie umsetzt werden soll.<br><\/p>\t\t<\/div>\n\t\t\t\t<\/div>\n\t\t\t\t<div class=\"elementor-element elementor-element-646e95d elementor-aspect-ratio-169 elementor-widget elementor-widget-video\" data-id=\"646e95d\" data-element_type=\"widget\" data-settings=\"{&quot;youtube_url&quot;:&quot;https:\\\/\\\/youtu.be\\\/a_5q3jzkfk8&quot;,&quot;video_type&quot;:&quot;youtube&quot;,&quot;controls&quot;:&quot;yes&quot;,&quot;aspect_ratio&quot;:&quot;169&quot;}\" data-widget_type=\"video.default\">\n\t\t\t\t<div class=\"elementor-widget-container\">\n\t\t\t\t\t<div class=\"elementor-wrapper elementor-fit-aspect-ratio elementor-open-inline\">\n\t\t\t<div class=\"elementor-video\"><\/div>\t\t<\/div>\n\t\t\t\t<\/div>\n\t\t\t\t<\/div>\n\t\t\t\t\t\t<\/div>\n\t\t\t\t\t<\/div>\n\t\t<\/div>\n\t\t\t\t\t\t\t\t<\/div>\n\t\t\t\t\t<\/div>\n\t\t<\/section>\n\t\t\t\t<section class=\"elementor-section elementor-top-section elementor-element elementor-element-00a3031 elementor-section-content-middle elementor-section-boxed elementor-section-height-default elementor-section-height-default\" data-id=\"00a3031\" data-element_type=\"section\">\n\t\t\t\t\t\t<div class=\"elementor-container elementor-column-gap-default\">\n\t\t\t\t\t\t\t<div class=\"elementor-row\">\n\t\t\t\t\t<div class=\"elementor-column elementor-col-33 elementor-top-column elementor-element elementor-element-7a913c5\" data-id=\"7a913c5\" data-element_type=\"column\">\n\t\t\t<div class=\"elementor-column-wrap elementor-element-populated\">\n\t\t\t\t\t\t\t<div class=\"elementor-widget-wrap\">\n\t\t\t\t\t\t<div class=\"elementor-element elementor-element-e9da5b2 elementor-widget elementor-widget-html\" data-id=\"e9da5b2\" data-element_type=\"widget\" data-widget_type=\"html.default\">\n\t\t\t\t<div class=\"elementor-widget-container\">\n\t\t\t<div class=\"iconlist-cstm-right\">\r\n\t<p>GFK-Mast f\u00fcr Hopfenger\u00fcstanlage \r\n\t     <\/p>\r\n\t<img src=\"\/wp-content\/uploads\/2019\/05\/newicon-2.png\" alt=\"Polski eko chmiel\"\/>\r\n<\/div>\r\n<div class=\"iconlist-cstm-right\">\r\n\t<p>\u00dcberwachungssystem (IoT) <\/p>\r\n\t<img src=\"\/wp-content\/uploads\/2019\/05\/newicon-3.png\" alt=\"Polski eko chmiel\"\/>\r\n<\/div>\r\n<div class=\"iconlist-cstm-right\">\r\n\t<p>Autonomes Bew\u00e4sserungssystem <\/p>\r\n\t<img src=\"\/wp-content\/uploads\/2019\/05\/newicon-4.png\" alt=\"Polski eko chmiel\"\/>\r\n<\/div>\r\n<div class=\"iconlist-cstm-right\">\r\n\t<p>Bioremediation f\u00fcr kontaminierte B\u00f6den <\/p>\r\n\t<img src=\"\/wp-content\/uploads\/2019\/05\/newicon-5.png\" alt=\"Polski eko chmiel\"\/>\r\n<\/div>\r\n<div class=\"iconlist-cstm-right\">\r\n\t<p>Erneuerbare Energien<\/p>\r\n\r\n\t<img src=\"\/wp-content\/uploads\/2019\/05\/newicon-6.png\" alt=\"Polski eko chmiel\"\/>\r\n<\/div>\t\t<\/div>\n\t\t\t\t<\/div>\n\t\t\t\t\t\t<\/div>\n\t\t\t\t\t<\/div>\n\t\t<\/div>\n\t\t\t\t<div class=\"elementor-column elementor-col-33 elementor-top-column elementor-element elementor-element-64ae01e\" data-id=\"64ae01e\" data-element_type=\"column\">\n\t\t\t<div class=\"elementor-column-wrap elementor-element-populated\">\n\t\t\t\t\t\t\t<div class=\"elementor-widget-wrap\">\n\t\t\t\t\t\t<div class=\"elementor-element elementor-element-f2c470f elementor-widget elementor-widget-html\" data-id=\"f2c470f\" data-element_type=\"widget\" data-widget_type=\"html.default\">\n\t\t\t\t<div class=\"elementor-widget-container\">\n\t\t\t<div class=\"borderimg-cstm\"><img src=\"\/wp-content\/uploads\/2019\/05\/schemat-new.png\" alt=\"Polski eko chmiel wolny od kreozotu\" \/><\/div>\t\t<\/div>\n\t\t\t\t<\/div>\n\t\t\t\t\t\t<\/div>\n\t\t\t\t\t<\/div>\n\t\t<\/div>\n\t\t\t\t<div class=\"elementor-column elementor-col-33 elementor-top-column elementor-element elementor-element-78ea31d\" data-id=\"78ea31d\" data-element_type=\"column\">\n\t\t\t<div class=\"elementor-column-wrap elementor-element-populated\">\n\t\t\t\t\t\t\t<div class=\"elementor-widget-wrap\">\n\t\t\t\t\t\t<div class=\"elementor-element elementor-element-41746f9 elementor-widget elementor-widget-html\" data-id=\"41746f9\" data-element_type=\"widget\" data-widget_type=\"html.default\">\n\t\t\t\t<div class=\"elementor-widget-container\">\n\t\t\t<div class=\"iconlist-cstm-left\">\r\n\t<img src=\"\/wp-content\/uploads\/2019\/05\/newicon-7.png\" alt=\"Polski eko chmiel\"\/>\r\n\t<p>Hopfendolden zur Bierherstellung\r\n<\/div>\r\n<div class=\"iconlist-cstm-left\">\r\n\t<img src=\"\/wp-content\/uploads\/2019\/05\/newicon-8.png\" alt=\"Polski eko chmiel\"\/>\r\n\t<p>Eigene Granulations- und Extraktionsanlage  <\/p>\r\n<\/div>\r\n<div class=\"iconlist-cstm-left lastdivmarg-0\">\r\n\t<img src=\"\/wp-content\/uploads\/2019\/05\/newicon-1.png\" alt=\"Polski eko chmiel\"\/>\r\n\t<p>Erneuerbare Energien <\/p>\r\n<\/div>\t\t<\/div>\n\t\t\t\t<\/div>\n\t\t\t\t\t\t<\/div>\n\t\t\t\t\t<\/div>\n\t\t<\/div>\n\t\t\t\t\t\t\t\t<\/div>\n\t\t\t\t\t<\/div>\n\t\t<\/section>\n\t\t\t\t<section class=\"elementor-section elementor-top-section elementor-element elementor-element-4289aef textwall-about elementor-section-boxed elementor-section-height-default elementor-section-height-default\" data-id=\"4289aef\" data-element_type=\"section\">\n\t\t\t\t\t\t<div class=\"elementor-container elementor-column-gap-default\">\n\t\t\t\t\t\t\t<div class=\"elementor-row\">\n\t\t\t\t\t<div class=\"elementor-column elementor-col-100 elementor-top-column elementor-element elementor-element-fedc516\" data-id=\"fedc516\" data-element_type=\"column\">\n\t\t\t<div class=\"elementor-column-wrap elementor-element-populated\">\n\t\t\t\t\t\t\t<div class=\"elementor-widget-wrap\">\n\t\t\t\t\t\t<div class=\"elementor-element elementor-element-415861f elementor-widget elementor-widget-text-editor\" data-id=\"415861f\" data-element_type=\"widget\" data-widget_type=\"text-editor.default\">\n\t\t\t\t<div class=\"elementor-widget-container\">\n\t\t\t\t\t<div class=\"elementor-text-editor elementor-clearfix\"><p>Polski Eko Chmiel spezialisiert sich auf die Bereitstellung von L\u00f6sungen f\u00fcr den Bau, die Messung, die Verwaltung und die Optimierung von Hopfeng\u00e4rten und verf\u00fcgt gleichzeitig \u00fcber ein einzigartiges Wissen und eine Technologie zur Nutzung aller Erzeuginissen des Hopfenanbaus, die niemand auf der Welt jemals im industriellen Ma\u00dfstab eingesetzt hat.<\/p><p>Wir liefern Hopfenger\u00fcstanlagen mit den neuesten Technologien auf der Basis von GFK-Masten, die der einzige erfolgversprechende Ersatz f\u00fcr die verbotenen mit Kreosot behandelten Holzmasten sind. Unsere Plantage wird gleichzeitig von den modernsten Technologien zur Messung der Umweltparameter von Pflanzen und fortschrittlicher Bildanalyse unterst\u00fctzt, die durch das Internet der Dinge (IoT) erm\u00f6glichen, das Wachstum von Pflanzen in der Cloud zu analysieren und z. B. vorherzusagen. das Auftreten von Sch\u00e4dlingen oder Krankheiten. Das autonome Bew\u00e4sserungs- und D\u00fcngesystem erm\u00f6glicht es, die Kosten zu optimieren und den Anteil an Chemikalien im Anbauprozess auf ein Minimum zu reduzieren. Wir \u00fcbernehmen auch die Bioremediation von mit Kreosot kontaminierten Fl\u00e4chen nach h\u00f6chsten Standards. Um die Rentabilit\u00e4t der Plantagenbewirtschaftung auf ein ganz anderes Niveau zu heben, bieten wir eine L\u00f6sung zur Erzeugung von Strom aus erneuerbaren Quellen.<\/p><p>Polski Eko Chmiel plant den Anbau auf der Basis ausgew\u00e4hlter Hopfensorten, angepasst an die aktuellen Bed\u00fcrfnisse der Brauindustrie sowie der Pharma-, Kosmetik- und Kr\u00e4uterindustrie. Der Anbau erfolgt nach den Prinzipien der integrierten Produktion und der Produktion von EKO, so dass der gewonnene Rohstoff von h\u00f6chster Qualit\u00e4t und frei von Verunreinigungen ist.<\/p><p>\u00a0<\/p><p>\u00a0<\/p><p>\u00a0<\/p><\/div>\n\t\t\t\t<\/div>\n\t\t\t\t<\/div>\n\t\t\t\t\t\t<\/div>\n\t\t\t\t\t<\/div>\n\t\t<\/div>\n\t\t\t\t\t\t\t\t<\/div>\n\t\t\t\t\t<\/div>\n\t\t<\/section>\n\t\t\t\t<section class=\"elementor-section elementor-top-section elementor-element elementor-element-19144a2 disno-temp elementor-section-boxed elementor-section-height-default elementor-section-height-default\" data-id=\"19144a2\" data-element_type=\"section\" data-settings=\"{&quot;background_background&quot;:&quot;classic&quot;}\">\n\t\t\t\t\t\t<div class=\"elementor-container elementor-column-gap-default\">\n\t\t\t\t\t\t\t<div class=\"elementor-row\">\n\t\t\t\t\t<div class=\"elementor-column elementor-col-100 elementor-top-column elementor-element elementor-element-58c95ec\" data-id=\"58c95ec\" data-element_type=\"column\">\n\t\t\t<div class=\"elementor-column-wrap elementor-element-populated\">\n\t\t\t\t\t\t\t<div class=\"elementor-widget-wrap\">\n\t\t\t\t\t\t<div class=\"elementor-element elementor-element-b42815e elementor-widget elementor-widget-heading\" data-id=\"b42815e\" data-element_type=\"widget\" data-widget_type=\"heading.default\">\n\t\t\t\t<div class=\"elementor-widget-container\">\n\t\t\t<h2 class=\"elementor-heading-title elementor-size-default\">UNSER TEAM<\/h2>\t\t<\/div>\n\t\t\t\t<\/div>\n\t\t\t\t\t\t<\/div>\n\t\t\t\t\t<\/div>\n\t\t<\/div>\n\t\t\t\t\t\t\t\t<\/div>\n\t\t\t\t\t<\/div>\n\t\t<\/section>\n\t\t\t\t<section class=\"elementor-section elementor-top-section elementor-element elementor-element-f0b6e47 disno-temp elementor-section-boxed elementor-section-height-default elementor-section-height-default\" data-id=\"f0b6e47\" data-element_type=\"section\" data-settings=\"{&quot;background_background&quot;:&quot;classic&quot;}\">\n\t\t\t\t\t\t<div class=\"elementor-container elementor-column-gap-default\">\n\t\t\t\t\t\t\t<div class=\"elementor-row\">\n\t\t\t\t\t<div class=\"elementor-column elementor-col-33 elementor-top-column elementor-element elementor-element-45d4353\" data-id=\"45d4353\" data-element_type=\"column\">\n\t\t\t<div class=\"elementor-column-wrap\">\n\t\t\t\t\t\t\t<div class=\"elementor-widget-wrap\">\n\t\t\t\t\t\t\t\t<\/div>\n\t\t\t\t\t<\/div>\n\t\t<\/div>\n\t\t\t\t<div class=\"elementor-column elementor-col-33 elementor-top-column elementor-element elementor-element-1ebdbfb\" data-id=\"1ebdbfb\" data-element_type=\"column\">\n\t\t\t<div class=\"elementor-column-wrap\">\n\t\t\t\t\t\t\t<div class=\"elementor-widget-wrap\">\n\t\t\t\t\t\t\t\t<\/div>\n\t\t\t\t\t<\/div>\n\t\t<\/div>\n\t\t\t\t<div class=\"elementor-column elementor-col-33 elementor-top-column elementor-element elementor-element-e561a9c\" data-id=\"e561a9c\" data-element_type=\"column\">\n\t\t\t<div class=\"elementor-column-wrap\">\n\t\t\t\t\t\t\t<div class=\"elementor-widget-wrap\">\n\t\t\t\t\t\t\t\t<\/div>\n\t\t\t\t\t<\/div>\n\t\t<\/div>\n\t\t\t\t\t\t\t\t<\/div>\n\t\t\t\t\t<\/div>\n\t\t<\/section>\n\t\t\t\t<section class=\"elementor-section elementor-top-section elementor-element elementor-element-d4e48df elementor-section-boxed elementor-section-height-default elementor-section-height-default\" data-id=\"d4e48df\" data-element_type=\"section\">\n\t\t\t\t\t\t<div class=\"elementor-container elementor-column-gap-default\">\n\t\t\t\t\t\t\t<div class=\"elementor-row\">\n\t\t\t\t\t<div class=\"elementor-column elementor-col-33 elementor-top-column elementor-element elementor-element-755df7d\" data-id=\"755df7d\" data-element_type=\"column\">\n\t\t\t<div class=\"elementor-column-wrap\">\n\t\t\t\t\t\t\t<div class=\"elementor-widget-wrap\">\n\t\t\t\t\t\t\t\t<\/div>\n\t\t\t\t\t<\/div>\n\t\t<\/div>\n\t\t\t\t<div class=\"elementor-column elementor-col-33 elementor-top-column elementor-element elementor-element-7b1d160\" data-id=\"7b1d160\" data-element_type=\"column\">\n\t\t\t<div class=\"elementor-column-wrap\">\n\t\t\t\t\t\t\t<div class=\"elementor-widget-wrap\">\n\t\t\t\t\t\t\t\t<\/div>\n\t\t\t\t\t<\/div>\n\t\t<\/div>\n\t\t\t\t<div class=\"elementor-column elementor-col-33 elementor-top-column elementor-element elementor-element-562b28b\" data-id=\"562b28b\" data-element_type=\"column\">\n\t\t\t<div class=\"elementor-column-wrap\">\n\t\t\t\t\t\t\t<div class=\"elementor-widget-wrap\">\n\t\t\t\t\t\t\t\t<\/div>\n\t\t\t\t\t<\/div>\n\t\t<\/div>\n\t\t\t\t\t\t\t\t<\/div>\n\t\t\t\t\t<\/div>\n\t\t<\/section>\n\t\t\t\t<section class=\"elementor-section elementor-top-section elementor-element elementor-element-94db022 mediaonas-01 elementor-section-boxed elementor-section-height-default elementor-section-height-default\" data-id=\"94db022\" data-element_type=\"section\">\n\t\t\t\t\t\t<div class=\"elementor-container elementor-column-gap-default\">\n\t\t\t\t\t\t\t<div class=\"elementor-row\">\n\t\t\t\t\t<div class=\"elementor-column elementor-col-100 elementor-top-column elementor-element elementor-element-ca58b0d\" data-id=\"ca58b0d\" data-element_type=\"column\">\n\t\t\t<div class=\"elementor-column-wrap elementor-element-populated\">\n\t\t\t\t\t\t\t<div class=\"elementor-widget-wrap\">\n\t\t\t\t\t\t<div class=\"elementor-element elementor-element-1edc428 elementor-widget elementor-widget-heading\" data-id=\"1edc428\" data-element_type=\"widget\" data-widget_type=\"heading.default\">\n\t\t\t\t<div class=\"elementor-widget-container\">\n\t\t\t<h6 class=\"elementor-heading-title elementor-size-default\">MEDIEN \u00dcBER UNS<\/h6>\t\t<\/div>\n\t\t\t\t<\/div>\n\t\t\t\t<div class=\"elementor-element elementor-element-1f7e739 elementor-widget elementor-widget-html\" data-id=\"1f7e739\" data-element_type=\"widget\" data-widget_type=\"html.default\">\n\t\t\t\t<div class=\"elementor-widget-container\">\n\t\t\t<ul class=\"mediaonas\">\r\n\t<li><a href=\"https:\/\/lublin.tvp.pl\/38524909\/lubelska-agro-zima\" target=\"_blank\">https:\/\/lublin.tvp.pl\/38524909\/lubelska-agro-zima<\/a><\/li>\r\n\t<li><a href=\"https:\/\/lublin.tvp.pl\/1502451\/panorama-lubelska\" target=\"_blank\">https:\/\/lublin.tvp.pl\/1502451\/panorama-lubelska<\/a><\/li>\r\n\t<li><a href=\"https:\/\/www.jastkow.pl\/informacje-w-sprawy-biezace\/gazeta-jastkowska-wiosna-2019.htm\" target=\"_blank\">https:\/\/www.jastkow.pl\/informacje-w-sprawy-biezace\/gazeta-jastkowska-wiosna-2019.htm<\/a><\/li>\r\n\r\n<\/ul>\t\t<\/div>\n\t\t\t\t<\/div>\n\t\t\t\t\t\t<\/div>\n\t\t\t\t\t<\/div>\n\t\t<\/div>\n\t\t\t\t\t\t\t\t<\/div>\n\t\t\t\t\t<\/div>\n\t\t<\/section>\n\t\t\t\t<section class=\"elementor-section elementor-top-section elementor-element elementor-element-63c93b57 elementor-section-content-middle elementor-section-boxed elementor-section-height-default elementor-section-height-default\" data-id=\"63c93b57\" data-element_type=\"section\" data-settings=\"{&quot;background_background&quot;:&quot;classic&quot;}\">\n\t\t\t\t\t\t<div class=\"elementor-container elementor-column-gap-no\">\n\t\t\t\t\t\t\t<div class=\"elementor-row\">\n\t\t\t\t\t<div class=\"elementor-column elementor-col-100 elementor-top-column elementor-element elementor-element-369aaef9\" data-id=\"369aaef9\" data-element_type=\"column\">\n\t\t\t<div class=\"elementor-column-wrap elementor-element-populated\">\n\t\t\t\t\t\t\t<div class=\"elementor-widget-wrap\">\n\t\t\t\t\t\t<div class=\"elementor-element elementor-element-10d248e8 elementor-widget elementor-widget-html\" data-id=\"10d248e8\" data-element_type=\"widget\" data-widget_type=\"html.default\">\n\t\t\t\t<div class=\"elementor-widget-container\">\n\t\t\t<div class=\"celecta-cstm\">\r\n\t<h2>HABEN SIE FRAGEN?<\/h2>\r\n\t<p>Bitte benutzen Sie das Kontaktformular unten.<\/p>\r\n<\/div>\t\t<\/div>\n\t\t\t\t<\/div>\n\t\t\t\t<div class=\"elementor-element elementor-element-566063a7 elementor-align-center buttoncta-cstm elementor-widget elementor-widget-button\" data-id=\"566063a7\" data-element_type=\"widget\" data-widget_type=\"button.default\">\n\t\t\t\t<div class=\"elementor-widget-container\">\n\t\t\t\t\t<div class=\"elementor-button-wrapper\">\n\t\t\t<a href=\"http:\/\/polskiekochmiel.pl\/de\/kontakt\/\" class=\"elementor-button-link elementor-button elementor-size-sm elementor-animation-grow\" role=\"button\">\n\t\t\t\t\t\t<span class=\"elementor-button-content-wrapper\">\n\t\t\t\t\t\t<span class=\"elementor-button-text\">KONTAKTIERE UNS<\/span>\n\t\t<\/span>\n\t\t\t\t\t<\/a>\n\t\t<\/div>\n\t\t\t\t<\/div>\n\t\t\t\t<\/div>\n\t\t\t\t\t\t<\/div>\n\t\t\t\t\t<\/div>\n\t\t<\/div>\n\t\t\t\t\t\t\t\t<\/div>\n\t\t\t\t\t<\/div>\n\t\t<\/section>\n\t\t\t\t\t\t<\/div>\n\t\t\t\t\t\t<\/div>\n\t\t\t\t\t<\/div>","protected":false},"excerpt":{"rendered":"<p>Kilka s\u0142\u00f3w o nas Sp\u00f3\u0142ka Polski Eko Chmiel S.A. zosta\u0142a utworzona w celu produkcji chmielu pozbawionego zanieczyszcze\u0144 pochodz\u0105cych z kreozotu oraz wdra\u017cania i rozwijania nowych technologii w zakresie uprawy i produkcji chmielu. Mamy klarown\u0105 wizj\u0119 polskiego chmielarstwa 2.0., odpowiedzialnego spo\u0142ecznie i wiemy jak j\u0105 realizowa\u0107. S\u0142upy do konstrukcji System monitoringu (IoT) Autonomiczny system nawil\u017cania i [&hellip;]<\/p>","protected":false},"author":1,"featured_media":0,"parent":0,"menu_order":0,"comment_status":"closed","ping_status":"closed","template":"page-templates\/fullwidth-content.php","meta":[],"_links":{"self":[{"href":"http:\/\/polskiekochmiel.pl\/de\/wp-json\/wp\/v2\/pages\/11"}],"collection":[{"href":"http:\/\/polskiekochmiel.pl\/de\/wp-json\/wp\/v2\/pages"}],"about":[{"href":"http:\/\/polskiekochmiel.pl\/de\/wp-json\/wp\/v2\/types\/page"}],"author":[{"embeddable":true,"href":"http:\/\/polskiekochmiel.pl\/de\/wp-json\/wp\/v2\/users\/1"}],"replies":[{"embeddable":true,"href":"http:\/\/polskiekochmiel.pl\/de\/wp-json\/wp\/v2\/comments?post=11"}],"version-history":[{"count":76,"href":"http:\/\/polskiekochmiel.pl\/de\/wp-json\/wp\/v2\/pages\/11\/revisions"}],"predecessor-version":[{"id":1858,"href":"http:\/\/polskiekochmiel.pl\/de\/wp-json\/wp\/v2\/pages\/11\/revisions\/1858"}],"wp:attachment":[{"href":"http:\/\/polskiekochmiel.pl\/de\/wp-json\/wp\/v2\/media?parent=11"}],"curies":[{"name":"wp","href":"https:\/\/api.w.org\/{rel}","templated":true}]}}